{"id":6454,"date":"2021-07-20T22:32:44","date_gmt":"2021-07-21T01:32:44","guid":{"rendered":"https:\/\/www.nuvem.etc.br\/site\/?page_id=6454"},"modified":"2025-10-13T15:57:46","modified_gmt":"2025-10-13T18:57:46","slug":"produtos-rh","status":"publish","type":"page","link":"http:\/\/www.nuvem.etc.br\/site\/produtos-rh\/","title":{"rendered":"Produtos &#8211; RH"},"content":{"rendered":"[vc_row type=&#8221;in_container&#8221; full_screen_row_position=&#8221;middle&#8221; column_margin=&#8221;default&#8221; column_direction=&#8221;default&#8221; column_direction_tablet=&#8221;default&#8221; column_direction_phone=&#8221;default&#8221; scene_position=&#8221;center&#8221; text_color=&#8221;dark&#8221; text_align=&#8221;left&#8221; row_border_radius=&#8221;none&#8221; row_border_radius_applies=&#8221;bg&#8221; overlay_strength=&#8221;0.3&#8243; gradient_direction=&#8221;left_to_right&#8221; shape_divider_position=&#8221;bottom&#8221; bg_image_animation=&#8221;none&#8221;][vc_column column_padding=&#8221;no-extra-padding&#8221; column_padding_tablet=&#8221;inherit&#8221; column_padding_phone=&#8221;inherit&#8221; column_padding_position=&#8221;all&#8221; column_element_spacing=&#8221;default&#8221; background_color_opacity=&#8221;1&#8243; background_hover_color_opacity=&#8221;1&#8243; column_shadow=&#8221;none&#8221; column_border_radius=&#8221;none&#8221; column_link_target=&#8221;_self&#8221; gradient_direction=&#8221;left_to_right&#8221; overlay_strength=&#8221;0.3&#8243; width=&#8221;1\/1&#8243; tablet_width_inherit=&#8221;default&#8221; tablet_text_alignment=&#8221;default&#8221; phone_text_alignment=&#8221;default&#8221; bg_image_animation=&#8221;none&#8221; border_type=&#8221;simple&#8221; column_border_width=&#8221;none&#8221; column_border_style=&#8221;solid&#8221;]\n\t\t\t<!-- START RH  P\u00e1gina REVOLUTION SLIDER 6.4.11 --><p class=\"rs-p-wp-fix\"><\/p>\n\t\t\t<rs-module-wrap id=\"rev_slider_30_1_wrapper\" data-source=\"gallery\" style=\"background:transparent;padding:0;margin:0px auto;margin-top:0;margin-bottom:0;\">\n\t\t\t\t<rs-module id=\"rev_slider_30_1\" style=\"\" data-version=\"6.4.11\">\n\t\t\t\t\t<rs-slides>\n\t\t\t\t\t\t<rs-slide data-key=\"rs-58\" data-title=\"Slide\" data-in=\"o:0;x:(100%);\" data-out=\"a:false;\">\n\t\t\t\t\t\t\t<img decoding=\"async\" src=\"\/\/www.nuvem.etc.br\/site\/wp-content\/plugins\/revslider\/public\/assets\/assets\/transparent.png\" alt=\"Slide\" title=\"Produtos &#8211; RH\" class=\"rev-slidebg tp-rs-img\" data-no-retina>\n<!--\n\t\t\t\t\t\t\t--><rs-group\n\t\t\t\t\t\t\t\tid=\"slider-30-slide-58-layer-7\" \n\t\t\t\t\t\t\t\tdata-type=\"group\"\n\t\t\t\t\t\t\t\tdata-rsp_ch=\"on\"\n\t\t\t\t\t\t\t\tdata-text=\"w:normal;s:20,10,7,4;l:0,13,9,6;\"\n\t\t\t\t\t\t\t\tdata-dim=\"w:100%;h:100%;\"\n\t\t\t\t\t\t\t\tdata-frame_0=\"sX:2;sY:2;\"\n\t\t\t\t\t\t\t\tdata-frame_0_mask=\"u:t;\"\n\t\t\t\t\t\t\t\tdata-frame_1=\"e:power2.out;sp:800;\"\n\t\t\t\t\t\t\t\tdata-frame_1_mask=\"u:t;\"\n\t\t\t\t\t\t\t\tdata-frame_999=\"o:0;st:w;sR:4640;sA:5000;\"\n\t\t\t\t\t\t\t\tstyle=\"z-index:15;\"\n\t\t\t\t\t\t\t><!--\n\t\t\t\t\t\t\t\t--><rs-layer\n\t\t\t\t\t\t\t\t\tid=\"slider-30-slide-58-layer-8\" \n\t\t\t\t\t\t\t\t\tdata-type=\"image\"\n\t\t\t\t\t\t\t\t\tdata-rsp_ch=\"on\"\n\t\t\t\t\t\t\t\t\tdata-text=\"w:normal;s:20,10,7,4;l:0,13,9,6;\"\n\t\t\t\t\t\t\t\t\tdata-dim=\"w:['100%','100%','100%','100%'];\"\n\t\t\t\t\t\t\t\t\tdata-frame_999=\"o:0;st:w;sR:4700;\"\n\t\t\t\t\t\t\t\t\tstyle=\"z-index:8;\"\n\t\t\t\t\t\t\t\t><img loading=\"lazy\" decoding=\"async\" src=\"\/\/www.nuvem.etc.br\/site\/wp-content\/uploads\/2021\/07\/RH-1.png\" class=\"tp-rs-img\" width=\"1920\" height=\"891\" data-c=\"fullwidth\" data-no-retina> \n\t\t\t\t\t\t\t\t<\/rs-layer><!--\n\n\t\t\t\t\t\t\t\t--><rs-layer\n\t\t\t\t\t\t\t\t\tid=\"slider-30-slide-58-layer-11\" \n\t\t\t\t\t\t\t\t\tdata-type=\"shape\"\n\t\t\t\t\t\t\t\t\tdata-rsp_ch=\"on\"\n\t\t\t\t\t\t\t\t\tdata-xy=\"xo:-297px,-158px,-120px,-74px;yo:319px,170px,129px,79px;\"\n\t\t\t\t\t\t\t\t\tdata-text=\"w:normal;s:20,10,7,4;l:0,13,9,6;\"\n\t\t\t\t\t\t\t\t\tdata-dim=\"w:767px,409px,310px,191px;h:250,133,101,62;\"\n\t\t\t\t\t\t\t\t\tdata-border=\"bor:15px,15px,15px,15px;\"\n\t\t\t\t\t\t\t\t\tdata-frame_0=\"x:100%;\"\n\t\t\t\t\t\t\t\t\tdata-frame_0_mask=\"u:t;\"\n\t\t\t\t\t\t\t\t\tdata-frame_1=\"sp:0;\"\n\t\t\t\t\t\t\t\t\tdata-frame_1_mask=\"u:t;\"\n\t\t\t\t\t\t\t\t\tdata-frame_999=\"o:0;st:w;sR:4700;\"\n\t\t\t\t\t\t\t\t\tstyle=\"z-index:9;background-color:rgba(0,122,255,0.9);\"\n\t\t\t\t\t\t\t\t> \n\t\t\t\t\t\t\t\t<\/rs-layer><!--\n\n\t\t\t\t\t\t\t\t--><rs-layer\n\t\t\t\t\t\t\t\t\tid=\"slider-30-slide-58-layer-12\" \n\t\t\t\t\t\t\t\t\tdata-type=\"text\"\n\t\t\t\t\t\t\t\t\tdata-rsp_ch=\"on\"\n\t\t\t\t\t\t\t\t\tdata-xy=\"xo:196px,104px,79px,48px;yo:391px,208px,158px,97px;\"\n\t\t\t\t\t\t\t\t\tdata-text=\"w:normal;s:55,29,22,13;l:87,46,34,20;\"\n\t\t\t\t\t\t\t\t\tdata-ford=\"frame_1;frame_0;frame_2;frame_999;\"\n\t\t\t\t\t\t\t\t\tdata-frame_0=\"o:1;\"\n\t\t\t\t\t\t\t\t\tdata-frame_0_chars=\"d:5;y:-100%;o:0;rZ:35deg;\"\n\t\t\t\t\t\t\t\t\tdata-frame_0_mask=\"u:t;\"\n\t\t\t\t\t\t\t\t\tdata-frame_1=\"st:-1310;sp:1500;\"\n\t\t\t\t\t\t\t\t\tdata-frame_1_chars=\"e:power4.inOut;d:10;rZ:0deg;\"\n\t\t\t\t\t\t\t\t\tdata-frame_1_mask=\"u:t;\"\n\t\t\t\t\t\t\t\t\tdata-frame_999=\"o:0;st:w;sR:4200;\"\n\t\t\t\t\t\t\t\t\tdata-frame_2=\"oX:50%;oY:50%;oZ:0;tp:600;st:400;sp:400;\"\n\t\t\t\t\t\t\t\t\tstyle=\"z-index:12;font-family:Open Sans;\"\n\t\t\t\t\t\t\t\t><b>RH<\/b> \n\t\t\t\t\t\t\t\t<\/rs-layer><!--\n\t\t\t\t\t\t\t--><\/rs-group><!--\n-->\t\t\t\t\t\t<\/rs-slide>\n\t\t\t\t\t<\/rs-slides>\n\t\t\t\t\t<rs-static-layers><!--\n\t\t\t\t\t--><\/rs-static-layers>\n\t\t\t\t<\/rs-module>\n\t\t\t\t<script type=\"text\/javascript\">\n\t\t\t\t\tsetREVStartSize({c: 'rev_slider_30_1',rl:[1240,1024,778,480],el:[891,768,960,720],gw:[1920,1024,778,480],gh:[891,768,360,220],type:'standard',justify:'',layout:'fullwidth',mh:\"0\"});\n\t\t\t\t\tvar\trevapi30,\n\t\t\t\t\t\ttpj;\n\t\t\t\t\tfunction revinit_revslider301() {\n\t\t\t\t\tjQuery(function() {\n\t\t\t\t\t\ttpj = jQuery;\n\t\t\t\t\t\trevapi30 = tpj(\"#rev_slider_30_1\");\n\t\t\t\t\t\tif(revapi30==undefined || revapi30.revolution == undefined){\n\t\t\t\t\t\t\trevslider_showDoubleJqueryError(\"rev_slider_30_1\");\n\t\t\t\t\t\t}else{\n\t\t\t\t\t\t\trevapi30.revolution({\n\t\t\t\t\t\t\t\tDPR:\"dpr\",\n\t\t\t\t\t\t\t\tsliderLayout:\"fullwidth\",\n\t\t\t\t\t\t\t\tduration:\"5000ms\",\n\t\t\t\t\t\t\t\tvisibilityLevels:\"1240,1024,778,480\",\n\t\t\t\t\t\t\t\tgridwidth:\"1920,1024,778,480\",\n\t\t\t\t\t\t\t\tgridheight:\"891,768,360,220\",\n\t\t\t\t\t\t\t\tstartDelay:\"0ms\",\n\t\t\t\t\t\t\t\tperspective:600,\n\t\t\t\t\t\t\t\tperspectiveType:\"global\",\n\t\t\t\t\t\t\t\teditorheight:\"891,768,960,720\",\n\t\t\t\t\t\t\t\tresponsiveLevels:\"1240,1024,778,480\",\n\t\t\t\t\t\t\t\tprogressBar:{disableProgressBar:true},\n\t\t\t\t\t\t\t\tnavigation: {\n\t\t\t\t\t\t\t\t\tonHoverStop:false\n\t\t\t\t\t\t\t\t},\n\t\t\t\t\t\t\t\tfallbacks: {\n\t\t\t\t\t\t\t\t\tallowHTML5AutoPlayOnAndroid:true\n\t\t\t\t\t\t\t\t},\n\t\t\t\t\t\t\t});\n\t\t\t\t\t\t}\n\t\t\t\t\t\t\n\t\t\t\t\t});\n\t\t\t\t\t} \/\/ End of RevInitScript\n\t\t\t\tvar once_revslider301 = false;\n\t\t\t\tif (document.readyState === \"loading\") {document.addEventListener('readystatechange',function() { if((document.readyState === \"interactive\" || document.readyState === \"complete\") && !once_revslider301 ) { once_revslider301 = true; revinit_revslider301();}});} else {once_revslider301 = true; revinit_revslider301();}\n\t\t\t\t<\/script>\n\t\t\t<\/rs-module-wrap>\n\t\t\t<!-- END REVOLUTION SLIDER -->\n[\/vc_column][\/vc_row][vc_row type=&#8221;in_container&#8221; full_screen_row_position=&#8221;middle&#8221; column_margin=&#8221;default&#8221; column_direction=&#8221;default&#8221; column_direction_tablet=&#8221;default&#8221; column_direction_phone=&#8221;default&#8221; scene_position=&#8221;center&#8221; text_color=&#8221;dark&#8221; text_align=&#8221;left&#8221; row_border_radius=&#8221;none&#8221; row_border_radius_applies=&#8221;bg&#8221; overlay_strength=&#8221;0.3&#8243; gradient_direction=&#8221;left_to_right&#8221; shape_divider_position=&#8221;bottom&#8221; bg_image_animation=&#8221;none&#8221;][vc_column column_padding=&#8221;no-extra-padding&#8221; column_padding_tablet=&#8221;inherit&#8221; column_padding_phone=&#8221;inherit&#8221; column_padding_position=&#8221;all&#8221; column_element_spacing=&#8221;default&#8221; background_color_opacity=&#8221;1&#8243; background_hover_color_opacity=&#8221;1&#8243; column_shadow=&#8221;none&#8221; column_border_radius=&#8221;none&#8221; column_link_target=&#8221;_self&#8221; gradient_direction=&#8221;left_to_right&#8221; overlay_strength=&#8221;0.3&#8243; width=&#8221;1\/1&#8243; tablet_width_inherit=&#8221;default&#8221; tablet_text_alignment=&#8221;default&#8221; phone_text_alignment=&#8221;default&#8221; bg_image_animation=&#8221;none&#8221; border_type=&#8221;simple&#8221; column_border_width=&#8221;none&#8221; column_border_style=&#8221;solid&#8221;][vc_column_text]<span style=\"font-weight: 400; color: #808080;\">As solu\u00e7\u00f5es WK Radar para gest\u00e3o de pessoal integram processos e controles operacionais do departamento pessoal relacionados ao eSocial, ponto eletr\u00f4nico, benef\u00edcios, cargos e sal\u00e1rios, centros de custos, medicina, empr\u00e9stimos, desonera\u00e7\u00e3o, terceiros, pagadoria, c\u00e1lculos individuais e coletivos, comunicados de vencimentos, contrato verde e amarelo, entre outros, que atendem empresas de diversos portes e segmentos.<\/span><\/p>\n<p><span style=\"font-weight: 400; color: #808080;\">Nosso prop\u00f3sito \u00e9 promover efici\u00eancia na gest\u00e3o por meio de um sistema simplificado, integrado e com tecnologia exclusiva, garantindo independ\u00eancia ao usu\u00e1rio pela facilidade em personaliza\u00e7\u00f5es e proporcionando o melhor custo-benef\u00edcio na gest\u00e3o de pessoal.<\/span>[\/vc_column_text][nectar_cta btn_style=&#8221;arrow-animation&#8221; heading_tag=&#8221;h4&#8243; text_color=&#8221;#1e73be&#8221; button_color=&#8221;default&#8221; link_type=&#8221;regular&#8221; alignment=&#8221;left&#8221; alignment_tablet=&#8221;default&#8221; alignment_phone=&#8221;default&#8221; display=&#8221;block&#8221; link_text=&#8221;SOLICITE UM OR\u00c7AMENTO&#8221; url=&#8221;https:\/\/api.whatsapp.com\/send\/?phone=5516997778487&amp;text=Ol%C3%A1%2C+gostaria+de+conhecer+melhor+sobre+as+solu%C3%A7%C3%B5es+da+WK%21&amp;type=phone_number&amp;app_absent=0&#8243;][\/vc_column][\/vc_row][vc_row type=&#8221;in_container&#8221; full_screen_row_position=&#8221;middle&#8221; column_margin=&#8221;default&#8221; column_direction=&#8221;default&#8221; column_direction_tablet=&#8221;default&#8221; column_direction_phone=&#8221;default&#8221; scene_position=&#8221;center&#8221; text_color=&#8221;dark&#8221; text_align=&#8221;left&#8221; row_border_radius=&#8221;none&#8221; row_border_radius_applies=&#8221;bg&#8221; overlay_strength=&#8221;0.3&#8243; gradient_direction=&#8221;left_to_right&#8221; shape_divider_position=&#8221;bottom&#8221; bg_image_animation=&#8221;none&#8221;][vc_column column_padding=&#8221;no-extra-padding&#8221; column_padding_tablet=&#8221;inherit&#8221; column_padding_phone=&#8221;inherit&#8221; column_padding_position=&#8221;all&#8221; column_element_spacing=&#8221;default&#8221; background_color_opacity=&#8221;1&#8243; background_hover_color_opacity=&#8221;1&#8243; column_shadow=&#8221;none&#8221; column_border_radius=&#8221;none&#8221; column_link_target=&#8221;_self&#8221; gradient_direction=&#8221;left_to_right&#8221; overlay_strength=&#8221;0.3&#8243; width=&#8221;1\/1&#8243; tablet_width_inherit=&#8221;default&#8221; tablet_text_alignment=&#8221;default&#8221; phone_text_alignment=&#8221;default&#8221; bg_image_animation=&#8221;none&#8221; border_type=&#8221;simple&#8221; column_border_width=&#8221;none&#8221; column_border_style=&#8221;solid&#8221;][vc_raw_html]JTVCaW1hZ2VfbWFnbmlmeSUyMHNyYyUzRCUyMmh0dHAlM0ElMkYlMkZ3d3cubnV2ZW0uZXRjLmJyJTJGc2l0ZSUyRndwLWNvbnRlbnQlMkZ1cGxvYWRzJTJGMjAyNCUyRjAyJTJGSW5mb2dyYWZpY29fRVJQX1dLX1JILTEucG5nJTIyJTIwc3JjX2JpZyUzRCUyMmh0dHAlM0ElMkYlMkZ3d3cubnV2ZW0uZXRjLmJyJTJGc2l0ZSUyRndwLWNvbnRlbnQlMkZ1cGxvYWRzJTJGMjAyNCUyRjAyJTJGSW5mb2dyYWZpY29fRVJQX1dLX1JILTEucG5nJTIyJTIwdyUzRCUyMjI1MDAlMjIlMjBoJTNEJTIyMTc1NyUyMiUyMGFsdCUzRCUyMkluZm9nciU1QmFmaWNvX3JoJTIyJTIwY2xhcyUzRCUyMkNTU19DTEFTUyUyMiUyMCUyRiU1RCUwQQ==[\/vc_raw_html][\/vc_column][\/vc_row][vc_row type=&#8221;in_container&#8221; full_screen_row_position=&#8221;middle&#8221; column_margin=&#8221;default&#8221; column_direction=&#8221;default&#8221; column_direction_tablet=&#8221;default&#8221; column_direction_phone=&#8221;default&#8221; scene_position=&#8221;center&#8221; text_color=&#8221;dark&#8221; text_align=&#8221;left&#8221; row_border_radius=&#8221;none&#8221; row_border_radius_applies=&#8221;bg&#8221; overlay_strength=&#8221;0.3&#8243; gradient_direction=&#8221;left_to_right&#8221; shape_divider_position=&#8221;bottom&#8221; bg_image_animation=&#8221;none&#8221;][vc_column column_padding=&#8221;no-extra-padding&#8221; column_padding_tablet=&#8221;inherit&#8221; column_padding_phone=&#8221;inherit&#8221; column_padding_position=&#8221;all&#8221; column_element_spacing=&#8221;default&#8221; background_color_opacity=&#8221;1&#8243; background_hover_color_opacity=&#8221;1&#8243; column_shadow=&#8221;none&#8221; column_border_radius=&#8221;none&#8221; column_link_target=&#8221;_self&#8221; gradient_direction=&#8221;left_to_right&#8221; overlay_strength=&#8221;0.3&#8243; width=&#8221;1\/1&#8243; tablet_width_inherit=&#8221;default&#8221; tablet_text_alignment=&#8221;default&#8221; phone_text_alignment=&#8221;default&#8221; bg_image_animation=&#8221;none&#8221; border_type=&#8221;simple&#8221; column_border_width=&#8221;none&#8221; column_border_style=&#8221;solid&#8221;][toggles style=&#8221;minimal&#8221;][toggle color=&#8221;Extra-Color-1&#8243; title=&#8221;Ideal para atender os requisitos do eSocial com facilidade&#8221;][vc_column_text]<span style=\"color: #808080;\">Conta com qualifica\u00e7\u00e3o cadastral em lote, auditor de inconsist\u00eancias com relat\u00f3rio de erros e avisos e rotinas que controlam a sequ\u00eancia l\u00f3gica e envio dos eventos para o eSocial, permitindo, assim, agilidade nos processos de atendimento \u00e0 legisla\u00e7\u00e3o, reduzindo custos operacionais.<\/span>[\/vc_column_text][\/toggle][toggle color=&#8221;Extra-Color-1&#8243; title=&#8221;Painel para Gest\u00e3o de Pessoal&#8221;][vc_column_text]<span style=\"color: #808080;\">Permite acompanhar em tempo real a folha de pagamento por compet\u00eancia, comparando com dados hist\u00f3ricos e tamb\u00e9m ocupa\u00e7\u00e3o por cargo e departamento. Identifica \u00edndice de turnover e compara admiss\u00f5es x rescis\u00f5es. Acompanha as horas-extras, informa\u00e7\u00e3o de absente\u00edsmo e motivos de afastamento por tipo, departamento e hist\u00f3rico.<\/span>[\/vc_column_text][\/toggle][toggle color=&#8221;Extra-Color-1&#8243; title=&#8221;Agilidade nas rotinas operacionais&#8221;][vc_column_text]<span style=\"color: #808080;\">Regras de c\u00e1lculo personalizadas, simula\u00e7\u00f5es de c\u00e1lculos e controle das conven\u00e7\u00f5es coletivas, com possibilidade de gera\u00e7\u00e3o sequencial automatizada de relat\u00f3rios e documentos. Possui facilidade na administra\u00e7\u00e3o de banco de horas e Portal Web de consulta de folha de pagamento e ponto, inclusive com marca\u00e7\u00e3o remota, de acordo com a Portaria 373.<\/span>[\/vc_column_text][\/toggle][toggle color=&#8221;Extra-Color-1&#8243; title=&#8221;Efici\u00eancia nas rotinas legais&#8221;][vc_column_text]<span style=\"color: #808080;\">Auxilia nas obriga\u00e7\u00f5es acess\u00f3rias da Previd\u00eancia, como, por exemplo, compensa\u00e7\u00e3o de INSS, e disponibiliza relat\u00f3rios legais, tais como C.A.T. e rela\u00e7\u00e3o de sal\u00e1rios de contribui\u00e7\u00e3o. Faz atualiza\u00e7\u00e3o das guias em atraso com c\u00e1lculo autom\u00e1tico de juros e multas, bem como acertos e confer\u00eancias dos c\u00e1lculos de todas as empresas, filiais e empregados em uma \u00fanica tela. Atendimento de todas as rotinas legais (GFIP, GPS, RAIS, DIRF, Comprovantes de Rendimentos, CAGED, GRRF e MANAD).<\/span>[\/vc_column_text][\/toggle][\/toggles][\/vc_column][\/vc_row][vc_row type=&#8221;in_container&#8221; full_screen_row_position=&#8221;middle&#8221; column_margin=&#8221;default&#8221; column_direction=&#8221;default&#8221; column_direction_tablet=&#8221;default&#8221; column_direction_phone=&#8221;default&#8221; scene_position=&#8221;center&#8221; text_color=&#8221;dark&#8221; text_align=&#8221;left&#8221; row_border_radius=&#8221;none&#8221; row_border_radius_applies=&#8221;bg&#8221; overlay_strength=&#8221;0.3&#8243; gradient_direction=&#8221;left_to_right&#8221; shape_divider_position=&#8221;bottom&#8221; bg_image_animation=&#8221;none&#8221;][vc_column column_padding=&#8221;no-extra-padding&#8221; column_padding_tablet=&#8221;inherit&#8221; column_padding_phone=&#8221;inherit&#8221; column_padding_position=&#8221;all&#8221; column_element_spacing=&#8221;default&#8221; background_color_opacity=&#8221;1&#8243; background_hover_color_opacity=&#8221;1&#8243; column_shadow=&#8221;none&#8221; column_border_radius=&#8221;none&#8221; column_link_target=&#8221;_self&#8221; gradient_direction=&#8221;left_to_right&#8221; overlay_strength=&#8221;0.3&#8243; width=&#8221;1\/1&#8243; tablet_width_inherit=&#8221;default&#8221; tablet_text_alignment=&#8221;default&#8221; phone_text_alignment=&#8221;default&#8221; bg_image_animation=&#8221;none&#8221; border_type=&#8221;simple&#8221; column_border_width=&#8221;none&#8221; column_border_style=&#8221;solid&#8221;][vc_column_text]<span style=\"font-weight: 400; color: #808080;\">A solu\u00e7\u00e3o de Recursos Humanos da WK Radar integra processos, gest\u00e3o de pessoal e controles operacionais de rotinas trabalhistas e de ponto eletr\u00f4nico. Por meio de avisos autom\u00e1ticos, o profissional de RH \u00e9 alertado sobre diversas situa\u00e7\u00f5es que demandam alguma a\u00e7\u00e3o, evitando transtornos e multas. Atende com flexibilidade diferentes demandas de c\u00e1lculos de folha por meio de regras e campos personalizados. O sistema permite tamb\u00e9m a execu\u00e7\u00e3o de atividades di\u00e1rias com sequenciamento autom\u00e1tico de tarefas criadas pelo usu\u00e1rio.<\/span><\/p>\n<p><span style=\"font-weight: 400; color: #808080;\">Por meio de avisos autom\u00e1ticos por e-mail, o profissional de RH \u00e9 alertado sobre os vencimentos de atestados, exames m\u00e9dicos, contratos de trabalho, CNH, f\u00e9rias e carteira estrangeira, evitando transtornos que seriam causados pela perda da validade destes documentos.<\/span><\/p>\n<p><span style=\"font-weight: 400; color: #808080;\">Al\u00e9m de atender com flexibilidade diferentes demandas por c\u00e1lculos de folha por meio de regras e campos personalizados, o sistema se destaca tamb\u00e9m pela sua facilidade de manuseio, permitindo f\u00e1cil entendimento pelos usu\u00e1rios e execu\u00e7\u00e3o de suas atividades di\u00e1rias com agilidade.<\/span><\/p>\n<p><span style=\"font-weight: 400; color: #808080;\">A solu\u00e7\u00e3o para RH est\u00e1 preparada para atender de forma completa todas as exig\u00eancias do eSocial, possuindo, ainda, ferramentas que visam facilitar a identifica\u00e7\u00e3o de n\u00e3o conformidades que possam causar riscos com a fiscaliza\u00e7\u00e3o.<\/span>[\/vc_column_text][\/vc_column][\/vc_row][vc_row type=&#8221;in_container&#8221; full_screen_row_position=&#8221;middle&#8221; column_margin=&#8221;default&#8221; column_direction=&#8221;default&#8221; column_direction_tablet=&#8221;default&#8221; column_direction_phone=&#8221;default&#8221; scene_position=&#8221;center&#8221; text_color=&#8221;dark&#8221; text_align=&#8221;left&#8221; row_border_radius=&#8221;none&#8221; row_border_radius_applies=&#8221;bg&#8221; overlay_strength=&#8221;0.3&#8243; gradient_direction=&#8221;left_to_right&#8221; shape_divider_position=&#8221;bottom&#8221; bg_image_animation=&#8221;none&#8221;][vc_column column_padding=&#8221;no-extra-padding&#8221; column_padding_tablet=&#8221;inherit&#8221; column_padding_phone=&#8221;inherit&#8221; column_padding_position=&#8221;all&#8221; column_element_spacing=&#8221;default&#8221; background_color_opacity=&#8221;1&#8243; background_hover_color_opacity=&#8221;1&#8243; column_shadow=&#8221;none&#8221; column_border_radius=&#8221;none&#8221; column_link_target=&#8221;_self&#8221; gradient_direction=&#8221;left_to_right&#8221; overlay_strength=&#8221;0.3&#8243; width=&#8221;1\/1&#8243; tablet_width_inherit=&#8221;default&#8221; tablet_text_alignment=&#8221;default&#8221; phone_text_alignment=&#8221;default&#8221; bg_image_animation=&#8221;none&#8221; border_type=&#8221;simple&#8221; column_border_width=&#8221;none&#8221; column_border_style=&#8221;solid&#8221;][vc_column_text]\n<h5><a href=\"https:\/\/wk.com.br\/\" target=\"_blank\" rel=\"noopener\"><span style=\"color: #999999;\">Fonte: WK<\/span><\/a><\/h5>\n[\/vc_column_text][\/vc_column][\/vc_row]\n","protected":false},"excerpt":{"rendered":"<p>[vc_row type=&#8221;in_container&#8221; full_screen_row_position=&#8221;middle&#8221; column_margin=&#8221;default&#8221; column_direction=&#8221;default&#8221; column_direction_tablet=&#8221;default&#8221; column_direction_phone=&#8221;default&#8221; scene_position=&#8221;center&#8221; text_color=&#8221;dark&#8221; text_align=&#8221;left&#8221; row_border_radius=&#8221;none&#8221; row_border_radius_applies=&#8221;bg&#8221; overlay_strength=&#8221;0.3&#8243; gradient_direction=&#8221;left_to_right&#8221; shape_divider_position=&#8221;bottom&#8221; bg_image_animation=&#8221;none&#8221;][vc_column column_padding=&#8221;no-extra-padding&#8221; column_padding_tablet=&#8221;inherit&#8221; column_padding_phone=&#8221;inherit&#8221; column_padding_position=&#8221;all&#8221; column_element_spacing=&#8221;default&#8221; background_color_opacity=&#8221;1&#8243; background_hover_color_opacity=&#8221;1&#8243; column_shadow=&#8221;none&#8221; column_border_radius=&#8221;none&#8221; column_link_target=&#8221;_self&#8221; gradient_direction=&#8221;left_to_right&#8221; overlay_strength=&#8221;0.3&#8243; width=&#8221;1\/1&#8243; tablet_width_inherit=&#8221;default&#8221;&#8230;<\/p>\n","protected":false},"author":1,"featured_media":0,"parent":0,"menu_order":0,"comment_status":"closed","ping_status":"closed","template":"","meta":{"footnotes":""},"class_list":["post-6454","page","type-page","status-publish"],"_links":{"self":[{"href":"http:\/\/www.nuvem.etc.br\/site\/wp-json\/wp\/v2\/pages\/6454","targetHints":{"allow":["GET"]}}],"collection":[{"href":"http:\/\/www.nuvem.etc.br\/site\/wp-json\/wp\/v2\/pages"}],"about":[{"href":"http:\/\/www.nuvem.etc.br\/site\/wp-json\/wp\/v2\/types\/page"}],"author":[{"embeddable":true,"href":"http:\/\/www.nuvem.etc.br\/site\/wp-json\/wp\/v2\/users\/1"}],"replies":[{"embeddable":true,"href":"http:\/\/www.nuvem.etc.br\/site\/wp-json\/wp\/v2\/comments?post=6454"}],"version-history":[{"count":15,"href":"http:\/\/www.nuvem.etc.br\/site\/wp-json\/wp\/v2\/pages\/6454\/revisions"}],"predecessor-version":[{"id":6991,"href":"http:\/\/www.nuvem.etc.br\/site\/wp-json\/wp\/v2\/pages\/6454\/revisions\/6991"}],"wp:attachment":[{"href":"http:\/\/www.nuvem.etc.br\/site\/wp-json\/wp\/v2\/media?parent=6454"}],"curies":[{"name":"wp","href":"https:\/\/api.w.org\/{rel}","templated":true}]}}